{"id":822,"date":"2023-04-22T19:01:22","date_gmt":"2023-04-22T19:01:22","guid":{"rendered":"https:\/\/montrealskafestival.ca\/?page_id=822"},"modified":"2025-08-28T23:04:43","modified_gmt":"2025-08-28T23:04:43","slug":"bands","status":"publish","type":"page","link":"https:\/\/montrealskafestival.ca\/index.php\/bands\/","title":{"rendered":"BANDS"},"content":{"rendered":"\t\t<div data-elementor-type=\"wp-page\" data-elementor-id=\"822\" class=\"elementor elementor-822\">\n\t\t\t\t\t\t<section class=\"elementor-section elementor-top-section elementor-element elementor-element-89e81f9 elementor-section-boxed elementor-section-height-default elementor-section-height-default\" data-id=\"89e81f9\" data-element_type=\"section\" data-e-type=\"section\" data-settings=\"{&quot;background_background&quot;:&quot;classic&quot;}\">\n\t\t\t\t\t\t\t<div class=\"elementor-background-overlay\"><\/div>\n\t\t\t\t\t\t\t<div class=\"elementor-container elementor-column-gap-default\">\n\t\t\t\t\t<div class=\"elementor-column elementor-col-100 elementor-top-column elementor-element elementor-element-5ed62ebc\" data-id=\"5ed62ebc\" data-element_type=\"column\" data-e-type=\"column\">\n\t\t\t<div class=\"elementor-widget-wrap elementor-element-populated\">\n\t\t\t\t\t\t<div class=\"elementor-element elementor-element-3d7ed93f elementor-invisible elementor-widget elementor-widget-heading\" data-id=\"3d7ed93f\" data-element_type=\"widget\" data-e-type=\"widget\" data-settings=\"{&quot;_animation&quot;:&quot;fadeInDown&quot;}\" data-widget_type=\"heading.default\">\n\t\t\t\t<div class=\"elementor-widget-container\">\n\t\t\t\t\t<h2 class=\"elementor-heading-title elementor-size-default\">Bands<\/h2>\t\t\t\t<\/div>\n\t\t\t\t<\/div>\n\t\t\t\t\t<\/div>\n\t\t<\/div>\n\t\t\t\t\t<\/div>\n\t\t<\/section>\n\t\t\t\t<section class=\"elementor-section elementor-top-section elementor-element elementor-element-55b90e94 elementor-section-boxed elementor-section-height-default elementor-section-height-default\" data-id=\"55b90e94\" data-element_type=\"section\" data-e-type=\"section\">\n\t\t\t\t\t\t\t<div class=\"elementor-background-overlay\"><\/div>\n\t\t\t\t\t\t\t<div class=\"elementor-container elementor-column-gap-default\">\n\t\t\t\t\t<div class=\"elementor-column elementor-col-100 elementor-top-column elementor-element elementor-element-3fd908c7\" data-id=\"3fd908c7\" data-element_type=\"column\" data-e-type=\"column\">\n\t\t\t<div class=\"elementor-widget-wrap elementor-element-populated\">\n\t\t\t\t\t\t<div class=\"elementor-element elementor-element-e1ae064 elementor-widget elementor-widget-spacer\" data-id=\"e1ae064\" data-element_type=\"widget\" data-e-type=\"widget\" data-widget_type=\"spacer.default\">\n\t\t\t\t<div class=\"elementor-widget-container\">\n\t\t\t\t\t\t\t<div class=\"elementor-spacer\">\n\t\t\t<div class=\"elementor-spacer-inner\"><\/div>\n\t\t<\/div>\n\t\t\t\t\t\t<\/div>\n\t\t\t\t<\/div>\n\t\t\t\t\t<\/div>\n\t\t<\/div>\n\t\t\t\t\t<\/div>\n\t\t<\/section>\n\t\t\t\t<section class=\"elementor-section elementor-top-section elementor-element elementor-element-11511201 elementor-section-boxed elementor-section-height-default elementor-section-height-default\" data-id=\"11511201\" data-element_type=\"section\" data-e-type=\"section\">\n\t\t\t\t\t\t\t<div class=\"elementor-background-overlay\"><\/div>\n\t\t\t\t\t\t\t<div class=\"elementor-container elementor-column-gap-no\">\n\t\t\t\t\t<div class=\"elementor-column elementor-col-25 elementor-top-column elementor-element elementor-element-7b39c790 elementor-invisible\" data-id=\"7b39c790\" data-element_type=\"column\" data-e-type=\"column\" data-settings=\"{&quot;animation&quot;:&quot;fadeInUp&quot;}\">\n\t\t\t<div class=\"elementor-widget-wrap elementor-element-populated\">\n\t\t\t\t\t\t<div class=\"elementor-element elementor-element-9d53ba7 elementor-widget elementor-widget-naevents_basic_team_single\" data-id=\"9d53ba7\" data-element_type=\"widget\" data-e-type=\"widget\" data-settings=\"{&quot;team_image&quot;:{&quot;url&quot;:&quot;https:\\\/\\\/montrealskafestival.ca\\\/wp-content\\\/uploads\\\/2025\\\/08\\\/mattsmashers.png&quot;,&quot;id&quot;:1938,&quot;size&quot;:&quot;&quot;,&quot;alt&quot;:&quot;Matt Smashers&quot;,&quot;source&quot;:&quot;library&quot;}}\" data-widget_type=\"naevents_basic_team_single.default\">\n\t\t\t\t<div class=\"elementor-widget-container\">\n\t\t\t\t\t<div class=\"naeep-team-single-wrap\">\n\t\t\t\t\t\t\t\t<div class=\"naeep-team-single-item full-width\">\n\t\t\t\t\t\t\t\t<div class=\"single-mate-image\"><div class=\"naeep-image\"><div class=\"image-wrap hide-shape\"><img decoding=\"async\" src=\"https:\/\/montrealskafestival.ca\/wp-content\/uploads\/2025\/08\/mattsmashers.png\" alt=\"Matt Smasher\"><\/div><\/div><\/div>\n\t\t\t\t\t\t\t\t<div class=\"single-mate-info\">\n\t\t\t\t\t\t\t\t\t<h3 class=\"team-title\"><a href=\"https:\/\/planetsmashers.ca\/\" target=\"_blank\" >Matt Smasher<\/a><\/h3><h5>Montr\u00e9al, QC<\/h5>\n\t\t\t\t\t\t\t\t\t<ul><li><\/li><\/ul><div class=\"naeep-social rounded\"><\/div>\n\t\t\t\t\t\t\t<\/div>\n\t\t\t\t\t\t\t<\/div>\n\t\t\t\t\t\t<\/div>\t\t\t\t<\/div>\n\t\t\t\t<\/div>\n\t\t\t\t<div class=\"elementor-element elementor-element-902fa38 elementor-widget elementor-widget-naevents_basic_team_single\" data-id=\"902fa38\" data-element_type=\"widget\" data-e-type=\"widget\" data-settings=\"{&quot;team_image&quot;:{&quot;url&quot;:&quot;https:\\\/\\\/montrealskafestival.ca\\\/wp-content\\\/uploads\\\/2025\\\/08\\\/thefabulouslolo-1.jpg&quot;,&quot;id&quot;:1933,&quot;size&quot;:&quot;&quot;,&quot;alt&quot;:&quot;The Fabulous Lolo&quot;,&quot;source&quot;:&quot;library&quot;}}\" data-widget_type=\"naevents_basic_team_single.default\">\n\t\t\t\t<div class=\"elementor-widget-container\">\n\t\t\t\t\t<div class=\"naeep-team-single-wrap\">\n\t\t\t\t\t\t\t\t<div class=\"naeep-team-single-item full-width\">\n\t\t\t\t\t\t\t\t<div class=\"single-mate-image\"><div class=\"naeep-image\"><div class=\"image-wrap hide-shape\"><img decoding=\"async\" src=\"https:\/\/montrealskafestival.ca\/wp-content\/uploads\/2025\/08\/thefabulouslolo-1.jpg\" alt=\"The Fabulous Lolo\"><\/div><\/div><\/div>\n\t\t\t\t\t\t\t\t<div class=\"single-mate-info\">\n\t\t\t\t\t\t\t\t\t<h3 class=\"team-title\"><a href=\"https:\/\/www.facebook.com\/p\/The-Fabulous-LoLo-100063700410907\/\" target=\"_blank\" >The Fabulous Lolo<\/a><\/h3><h5>Montr\u00e9al, QC<\/h5>\n\t\t\t\t\t\t\t\t\t<ul><li><\/li><\/ul><div class=\"naeep-social rounded\"><\/div>\n\t\t\t\t\t\t\t<\/div>\n\t\t\t\t\t\t\t<\/div>\n\t\t\t\t\t\t<\/div>\t\t\t\t<\/div>\n\t\t\t\t<\/div>\n\t\t\t\t\t<\/div>\n\t\t<\/div>\n\t\t\t\t<div class=\"elementor-column elementor-col-25 elementor-top-column elementor-element elementor-element-165dadbe elementor-invisible\" data-id=\"165dadbe\" data-element_type=\"column\" data-e-type=\"column\" data-settings=\"{&quot;animation&quot;:&quot;fadeInUp&quot;,&quot;animation_delay&quot;:500}\">\n\t\t\t<div class=\"elementor-widget-wrap elementor-element-populated\">\n\t\t\t\t\t\t<div class=\"elementor-element elementor-element-3f910db1 elementor-widget elementor-widget-naevents_basic_team_single\" data-id=\"3f910db1\" data-element_type=\"widget\" data-e-type=\"widget\" data-settings=\"{&quot;team_image&quot;:{&quot;url&quot;:&quot;https:\\\/\\\/montrealskafestival.ca\\\/wp-content\\\/uploads\\\/2025\\\/08\\\/francbatards-1.jpg&quot;,&quot;id&quot;:1934,&quot;size&quot;:&quot;&quot;,&quot;alt&quot;:&quot;Francbatards&quot;,&quot;source&quot;:&quot;library&quot;}}\" data-widget_type=\"naevents_basic_team_single.default\">\n\t\t\t\t<div class=\"elementor-widget-container\">\n\t\t\t\t\t<div class=\"naeep-team-single-wrap\">\n\t\t\t\t\t\t\t\t<div class=\"naeep-team-single-item full-width\">\n\t\t\t\t\t\t\t\t<div class=\"single-mate-image\"><div class=\"naeep-image\"><div class=\"image-wrap hide-shape\"><img decoding=\"async\" src=\"https:\/\/montrealskafestival.ca\/wp-content\/uploads\/2025\/08\/francbatards-1.jpg\" alt=\"Francb\u00e2tards\"><\/div><\/div><\/div>\n\t\t\t\t\t\t\t\t<div class=\"single-mate-info\">\n\t\t\t\t\t\t\t\t\t<h3 class=\"team-title\"><a href=\"https:\/\/francbatards.bandcamp.com\/\" target=\"_blank\" >Francb\u00e2tards<\/a><\/h3><h5>Montr\u00e9al, QC<\/h5>\n\t\t\t\t\t\t\t\t\t<ul><li><\/li><\/ul><div class=\"naeep-social rounded\"><\/div>\n\t\t\t\t\t\t\t<\/div>\n\t\t\t\t\t\t\t<\/div>\n\t\t\t\t\t\t<\/div>\t\t\t\t<\/div>\n\t\t\t\t<\/div>\n\t\t\t\t<div class=\"elementor-element elementor-element-a845fac elementor-widget elementor-widget-naevents_basic_team_single\" data-id=\"a845fac\" data-element_type=\"widget\" data-e-type=\"widget\" data-settings=\"{&quot;team_image&quot;:{&quot;url&quot;:&quot;https:\\\/\\\/montrealskafestival.ca\\\/wp-content\\\/uploads\\\/2024\\\/09\\\/Screenshot-2024-09-13-at-19.04.43.png&quot;,&quot;id&quot;:1798,&quot;size&quot;:&quot;&quot;,&quot;alt&quot;:&quot;&quot;,&quot;source&quot;:&quot;library&quot;}}\" data-widget_type=\"naevents_basic_team_single.default\">\n\t\t\t\t<div class=\"elementor-widget-container\">\n\t\t\t\t\t<div class=\"naeep-team-single-wrap\">\n\t\t\t\t\t\t\t\t<div class=\"naeep-team-single-item full-width\">\n\t\t\t\t\t\t\t\t<div class=\"single-mate-image\"><div class=\"naeep-image\"><div class=\"image-wrap hide-shape\"><img decoding=\"async\" src=\"https:\/\/montrealskafestival.ca\/wp-content\/uploads\/2024\/09\/Screenshot-2024-09-13-at-19.04.43.png\" alt=\"Danny Rebel &amp; The KGB\"><\/div><\/div><\/div>\n\t\t\t\t\t\t\t\t<div class=\"single-mate-info\">\n\t\t\t\t\t\t\t\t\t<h3 class=\"team-title\"><a href=\"https:\/\/www.facebook.com\/dannyrebelandthekgb\" target=\"_blank\" >Danny Rebel &amp; The KGB<\/a><\/h3><h5>Montreal, QC<\/h5>\n\t\t\t\t\t\t\t\t\t<ul><li><\/li><\/ul><div class=\"naeep-social rounded\"><\/div>\n\t\t\t\t\t\t\t<\/div>\n\t\t\t\t\t\t\t<\/div>\n\t\t\t\t\t\t<\/div>\t\t\t\t<\/div>\n\t\t\t\t<\/div>\n\t\t\t\t\t<\/div>\n\t\t<\/div>\n\t\t\t\t<div class=\"elementor-column elementor-col-25 elementor-top-column elementor-element elementor-element-76a911dd elementor-invisible\" data-id=\"76a911dd\" data-element_type=\"column\" data-e-type=\"column\" data-settings=\"{&quot;animation&quot;:&quot;fadeInUp&quot;,&quot;animation_delay&quot;:1000}\">\n\t\t\t<div class=\"elementor-widget-wrap elementor-element-populated\">\n\t\t\t\t\t\t<div class=\"elementor-element elementor-element-1eae4a85 elementor-widget elementor-widget-naevents_basic_team_single\" data-id=\"1eae4a85\" data-element_type=\"widget\" data-e-type=\"widget\" data-settings=\"{&quot;team_image&quot;:{&quot;url&quot;:&quot;https:\\\/\\\/montrealskafestival.ca\\\/wp-content\\\/uploads\\\/2025\\\/08\\\/thesteadies-1.webp&quot;,&quot;id&quot;:1935,&quot;size&quot;:&quot;&quot;,&quot;alt&quot;:&quot;The Steadies&quot;,&quot;source&quot;:&quot;library&quot;}}\" data-widget_type=\"naevents_basic_team_single.default\">\n\t\t\t\t<div class=\"elementor-widget-container\">\n\t\t\t\t\t<div class=\"naeep-team-single-wrap\">\n\t\t\t\t\t\t\t\t<div class=\"naeep-team-single-item full-width\">\n\t\t\t\t\t\t\t\t<div class=\"single-mate-image\"><div class=\"naeep-image\"><div class=\"image-wrap hide-shape\"><img decoding=\"async\" src=\"https:\/\/montrealskafestival.ca\/wp-content\/uploads\/2025\/08\/thesteadies-1.webp\" alt=\"The Steadies\"><\/div><\/div><\/div>\n\t\t\t\t\t\t\t\t<div class=\"single-mate-info\">\n\t\t\t\t\t\t\t\t\t<h3 class=\"team-title\"><a href=\"https:\/\/thesteadies.ca\/\" target=\"_blank\" >The Steadies<\/a><\/h3><h5>Saskatoon, SK<\/h5>\n\t\t\t\t\t\t\t\t\t<ul><\/ul><div class=\"naeep-social rounded\"><\/div>\n\t\t\t\t\t\t\t<\/div>\n\t\t\t\t\t\t\t<\/div>\n\t\t\t\t\t\t<\/div>\t\t\t\t<\/div>\n\t\t\t\t<\/div>\n\t\t\t\t<div class=\"elementor-element elementor-element-935007f elementor-widget elementor-widget-naevents_basic_team_single\" data-id=\"935007f\" data-element_type=\"widget\" data-e-type=\"widget\" data-settings=\"{&quot;team_image&quot;:{&quot;url&quot;:&quot;https:\\\/\\\/montrealskafestival.ca\\\/wp-content\\\/uploads\\\/2025\\\/08\\\/beautifulsabotage-1.jpg&quot;,&quot;id&quot;:1932,&quot;size&quot;:&quot;&quot;,&quot;alt&quot;:&quot;Beautiful Sabotage&quot;,&quot;source&quot;:&quot;library&quot;}}\" data-widget_type=\"naevents_basic_team_single.default\">\n\t\t\t\t<div class=\"elementor-widget-container\">\n\t\t\t\t\t<div class=\"naeep-team-single-wrap\">\n\t\t\t\t\t\t\t\t<div class=\"naeep-team-single-item full-width\">\n\t\t\t\t\t\t\t\t<div class=\"single-mate-image\"><div class=\"naeep-image\"><div class=\"image-wrap hide-shape\"><img decoding=\"async\" src=\"https:\/\/montrealskafestival.ca\/wp-content\/uploads\/2025\/08\/beautifulsabotage-1.jpg\" alt=\"Beautiful Sabotage\"><\/div><\/div><\/div>\n\t\t\t\t\t\t\t\t<div class=\"single-mate-info\">\n\t\t\t\t\t\t\t\t\t<h3 class=\"team-title\"><a href=\"https:\/\/www.youtube.com\/@beautifulsabotage\" target=\"_blank\" >Beautiful Sabotage<\/a><\/h3><h5>Montr\u00e9al, QC<\/h5>\n\t\t\t\t\t\t\t\t\t<ul><\/ul><div class=\"naeep-social rounded\"><\/div>\n\t\t\t\t\t\t\t<\/div>\n\t\t\t\t\t\t\t<\/div>\n\t\t\t\t\t\t<\/div>\t\t\t\t<\/div>\n\t\t\t\t<\/div>\n\t\t\t\t\t<\/div>\n\t\t<\/div>\n\t\t\t\t<div class=\"elementor-column elementor-col-25 elementor-top-column elementor-element elementor-element-1fd856cd elementor-invisible\" data-id=\"1fd856cd\" data-element_type=\"column\" data-e-type=\"column\" data-settings=\"{&quot;animation&quot;:&quot;fadeInUp&quot;,&quot;animation_delay&quot;:1500}\">\n\t\t\t<div class=\"elementor-widget-wrap elementor-element-populated\">\n\t\t\t\t\t\t<div class=\"elementor-element elementor-element-327f0038 elementor-widget elementor-widget-naevents_basic_team_single\" data-id=\"327f0038\" data-element_type=\"widget\" data-e-type=\"widget\" data-settings=\"{&quot;team_image&quot;:{&quot;url&quot;:&quot;https:\\\/\\\/montrealskafestival.ca\\\/wp-content\\\/uploads\\\/2025\\\/08\\\/skammers-1.jpg&quot;,&quot;id&quot;:1936,&quot;size&quot;:&quot;&quot;,&quot;alt&quot;:&quot;The Skammers&quot;,&quot;source&quot;:&quot;library&quot;}}\" data-widget_type=\"naevents_basic_team_single.default\">\n\t\t\t\t<div class=\"elementor-widget-container\">\n\t\t\t\t\t<div class=\"naeep-team-single-wrap\">\n\t\t\t\t\t\t\t\t<div class=\"naeep-team-single-item full-width\">\n\t\t\t\t\t\t\t\t<div class=\"single-mate-image\"><div class=\"naeep-image\"><div class=\"image-wrap hide-shape\"><img decoding=\"async\" src=\"https:\/\/montrealskafestival.ca\/wp-content\/uploads\/2025\/08\/skammers-1.jpg\" alt=\"The Skammers\"><\/div><\/div><\/div>\n\t\t\t\t\t\t\t\t<div class=\"single-mate-info\">\n\t\t\t\t\t\t\t\t\t<h3 class=\"team-title\"><a href=\"https:\/\/www.instagram.com\/the_skammers_band\" target=\"_blank\" >The Skammers<\/a><\/h3><h5>Montr\u00e9al, QC<\/h5>\n\t\t\t\t\t\t\t\t\t<ul><\/ul><div class=\"naeep-social rounded\"><\/div>\n\t\t\t\t\t\t\t<\/div>\n\t\t\t\t\t\t\t<\/div>\n\t\t\t\t\t\t<\/div>\t\t\t\t<\/div>\n\t\t\t\t<\/div>\n\t\t\t\t<div class=\"elementor-element elementor-element-8750a4d elementor-widget elementor-widget-naevents_basic_team_single\" data-id=\"8750a4d\" data-element_type=\"widget\" data-e-type=\"widget\" data-settings=\"{&quot;team_image&quot;:{&quot;url&quot;:&quot;https:\\\/\\\/montrealskafestival.ca\\\/wp-content\\\/uploads\\\/2025\\\/08\\\/soundone-1.jpg&quot;,&quot;id&quot;:1931,&quot;size&quot;:&quot;&quot;,&quot;alt&quot;:&quot;Sound One&quot;,&quot;source&quot;:&quot;library&quot;}}\" data-widget_type=\"naevents_basic_team_single.default\">\n\t\t\t\t<div class=\"elementor-widget-container\">\n\t\t\t\t\t<div class=\"naeep-team-single-wrap\">\n\t\t\t\t\t\t\t\t<div class=\"naeep-team-single-item full-width\">\n\t\t\t\t\t\t\t\t<div class=\"single-mate-image\"><div class=\"naeep-image\"><div class=\"image-wrap hide-shape\"><img decoding=\"async\" src=\"https:\/\/montrealskafestival.ca\/wp-content\/uploads\/2025\/08\/soundone-1.jpg\" alt=\"Sound One\"><\/div><\/div><\/div>\n\t\t\t\t\t\t\t\t<div class=\"single-mate-info\">\n\t\t\t\t\t\t\t\t\t<h3 class=\"team-title\"><a href=\"https:\/\/soundoneska.bandcamp.com\/\" target=\"_blank\" >Sound One<\/a><\/h3><h5>Toronto, ON<\/h5>\n\t\t\t\t\t\t\t\t\t<ul><\/ul><div class=\"naeep-social rounded\"><\/div>\n\t\t\t\t\t\t\t<\/div>\n\t\t\t\t\t\t\t<\/div>\n\t\t\t\t\t\t<\/div>\t\t\t\t<\/div>\n\t\t\t\t<\/div>\n\t\t\t\t\t<\/div>\n\t\t<\/div>\n\t\t\t\t\t<\/div>\n\t\t<\/section>\n\t\t\t\t<\/div>\n\t\t","protected":false},"excerpt":{"rendered":"<p>Bands Matt Smasher Montr\u00e9al, QC The Fabulous Lolo Montr\u00e9al, QC Francb\u00e2tards Montr\u00e9al, QC Danny Rebel &amp; The KGB Montreal, QC The Steadies Saskatoon, SK Beautiful Sabotage Montr\u00e9al, QC The Skammers&#8230;<\/p>\n","protected":false},"author":1,"featured_media":0,"parent":0,"menu_order":0,"comment_status":"closed","ping_status":"closed","template":"elementor_header_footer","meta":{"footnotes":""},"class_list":["post-822","page","type-page","status-publish","hentry"],"_links":{"self":[{"href":"https:\/\/montrealskafestival.ca\/index.php\/wp-json\/wp\/v2\/pages\/822","targetHints":{"allow":["GET"]}}],"collection":[{"href":"https:\/\/montrealskafestival.ca\/index.php\/wp-json\/wp\/v2\/pages"}],"about":[{"href":"https:\/\/montrealskafestival.ca\/index.php\/wp-json\/wp\/v2\/types\/page"}],"author":[{"embeddable":true,"href":"https:\/\/montrealskafestival.ca\/index.php\/wp-json\/wp\/v2\/users\/1"}],"replies":[{"embeddable":true,"href":"https:\/\/montrealskafestival.ca\/index.php\/wp-json\/wp\/v2\/comments?post=822"}],"version-history":[{"count":10,"href":"https:\/\/montrealskafestival.ca\/index.php\/wp-json\/wp\/v2\/pages\/822\/revisions"}],"predecessor-version":[{"id":2018,"href":"https:\/\/montrealskafestival.ca\/index.php\/wp-json\/wp\/v2\/pages\/822\/revisions\/2018"}],"wp:attachment":[{"href":"https:\/\/montrealskafestival.ca\/index.php\/wp-json\/wp\/v2\/media?parent=822"}],"curies":[{"name":"wp","href":"https:\/\/api.w.org\/{rel}","templated":true}]}}